{"id":11,"date":"2020-03-04T05:46:39","date_gmt":"2020-03-04T01:46:39","guid":{"rendered":"http:\/\/pmbcomputacion.cl\/?page_id=11"},"modified":"2024-09-13T23:39:16","modified_gmt":"2024-09-13T19:39:16","slug":"inicio","status":"publish","type":"page","link":"https:\/\/pmbcomputacion.cl\/","title":{"rendered":"INICIO"},"content":{"rendered":"<p>[et_pb_section fb_built=&#8221;1&#8243; admin_label=&#8221;Landing Hero&#8221; _builder_version=&#8221;4.5.3&#8243; use_background_color_gradient=&#8221;on&#8221; background_color_gradient_start=&#8221;#474ab6&#8243; background_color_gradient_end=&#8221;#9271f6&#8243; background_image=&#8221;http:\/\/pmbcomputacion.cl\/wp-content\/uploads\/2020\/03\/coding-background-texture.jpg&#8221; background_blend=&#8221;overlay&#8221; custom_padding=&#8221;12px|0px|5px|0px||&#8221; animation_style=&#8221;slide&#8221; animation_direction=&#8221;top&#8221; animation_intensity_slide=&#8221;2%&#8221; locked=&#8221;off&#8221;][et_pb_row column_structure=&#8221;3_5,2_5&#8243; _builder_version=&#8221;4.5.3&#8243; custom_margin=&#8221;|||&#8221; custom_width_px=&#8221;1280px&#8221;][et_pb_column type=&#8221;3_5&#8243; _builder_version=&#8221;3.25&#8243; custom_padding=&#8221;|||&#8221; custom_padding__hover=&#8221;|||&#8221;][et_pb_text _builder_version=&#8221;4.5.3&#8243; header_font=&#8221;|on|||&#8221; header_font_size=&#8221;42px&#8221; header_line_height=&#8221;1.3em&#8221; background_layout=&#8221;dark&#8221; custom_padding=&#8221;|||&#8221; header_font_size_last_edited=&#8221;off|desktop&#8221; locked=&#8221;off&#8221;]<\/p>\n<h1>PMBComputaci\u00f3n<\/h1>\n<h1>Soporte TI\u00a0<\/h1>\n<h1>(tecnolog\u00edas de la informaci\u00f3n)<\/h1>\n<h1>Contacto +56 9 85023900<\/h1>\n<p>&nbsp;<\/p>\n<p>[\/et_pb_text][et_pb_text _builder_version=&#8221;4.5.3&#8243; text_text_color=&#8221;#d4ccff&#8221; text_font_size=&#8221;16px&#8221; text_line_height=&#8221;1.9em&#8221; locked=&#8221;off&#8221;]<\/p>\n<h1><a href=\"mailto:PMBComputacion@gmail.com\">PMBComputacion@gmail.com<\/a><\/h1>\n<p>[\/et_pb_text][\/et_pb_column][et_pb_column type=&#8221;2_5&#8243; _builder_version=&#8221;3.25&#8243; custom_padding=&#8221;|||&#8221; custom_padding__hover=&#8221;|||&#8221;][et_pb_image src=&#8221;https:\/\/pmbcomputacion.cl\/wp-content\/uploads\/2024\/09\/DALL\u00b7E-2024-09-13-16.32.16-A-sophisticated-professional-logo-for-a-company-named-PMBComputacion-Soporte-Informatico.-The-design-should-feature-elegant-shades-of-blue-with-a-.webp&#8221; align_tablet=&#8221;center&#8221; align_phone=&#8221;&#8221; align_last_edited=&#8221;on|desktop&#8221; _builder_version=&#8221;4.5.3&#8243; custom_margin=&#8221;||5px|||&#8221; custom_padding=&#8221;|0px|5px|||&#8221; animation_style=&#8221;zoom&#8221; animation_direction=&#8221;left&#8221; animation_delay=&#8221;100ms&#8221; animation_intensity_zoom=&#8221;20%&#8221; hover_enabled=&#8221;0&#8243; title_text=&#8221;DALL\u00b7E 2024-09-13 16.32.16 &#8211; A sophisticated, professional logo for a company named &#8216;PMBComputaci\u00f3n Soporte Inform\u00e1tico&#8217;. The design should feature elegant shades of blue, with a&#8221; width=&#8221;100%&#8221;][\/et_pb_image][\/et_pb_column][\/et_pb_row][\/et_pb_section][et_pb_section fb_built=&#8221;1&#8243; specialty=&#8221;on&#8221; admin_label=&#8221;All Courses&#8221; _builder_version=&#8221;4.5.3&#8243; custom_padding=&#8221;49px|0px|100px|0px||&#8221;][et_pb_column type=&#8221;1_3&#8243; _builder_version=&#8221;3.25&#8243; custom_padding=&#8221;|||&#8221; parallax__hover=&#8221;off&#8221; parallax_method__hover=&#8221;on&#8221; custom_padding__hover=&#8221;|||&#8221;][et_pb_text _builder_version=&#8221;4.5.3&#8243; header_font=&#8221;||||||||&#8221; header_2_font=&#8221;|700|||||||&#8221; header_2_text_color=&#8221;#7272ff&#8221; header_2_font_size=&#8221;36px&#8221; header_2_line_height=&#8221;1.3em&#8221; custom_margin=&#8221;||20px|&#8221; animation_style=&#8221;slide&#8221; animation_direction=&#8221;bottom&#8221; animation_intensity_slide=&#8221;10%&#8221; locked=&#8221;off&#8221; header_font_size__hover=&#8221;30px&#8221; header_font_size__hover_enabled=&#8221;30px&#8221; header_letter_spacing__hover=&#8221;0px&#8221; header_letter_spacing__hover_enabled=&#8221;0px&#8221; header_text_shadow_style__hover=&#8221;none&#8221; header_text_shadow_style__hover_enabled=&#8221;none&#8221; header_text_shadow_color__hover=&#8221;rgba(0,0,0,0.4)&#8221; header_text_shadow_color__hover_enabled=&#8221;rgba(0,0,0,0.4)&#8221;]<\/p>\n<h2>Servicios<\/h2>\n<p>[\/et_pb_text][et_pb_divider color=&#8221;#09e1c0&#8243; divider_weight=&#8221;4px&#8221; disabled_on=&#8221;on|on|off&#8221; _builder_version=&#8221;4.5.3&#8243; background_size=&#8221;initial&#8221; background_position=&#8221;top_left&#8221; background_repeat=&#8221;repeat&#8221; max_width=&#8221;40px&#8221; module_alignment=&#8221;left&#8221; custom_margin=&#8221;||10px|&#8221; animation_style=&#8221;zoom&#8221; animation_direction=&#8221;left&#8221; saved_tabs=&#8221;all&#8221; locked=&#8221;off&#8221;][\/et_pb_divider][et_pb_text _builder_version=&#8221;4.5.3&#8243; text_font=&#8221;||||||||&#8221; text_text_color=&#8221;#8585bd&#8221; text_font_size=&#8221;16px&#8221; text_line_height=&#8221;1.9em&#8221; header_font=&#8221;||||||||&#8221; header_4_font=&#8221;|700|||||||&#8221; header_4_font_size=&#8221;16px&#8221; header_4_line_height=&#8221;1.9em&#8221; text_orientation=&#8221;justified&#8221; width=&#8221;150%&#8221; max_width=&#8221;204%&#8221; custom_padding=&#8221;|0px||||&#8221; animation_style=&#8221;zoom&#8221; animation_intensity_zoom=&#8221;6%&#8221; locked=&#8221;off&#8221;]<\/p>\n<p><strong>Servicio Integral de Soporte Inform\u00e1tico y TI para Peque\u00f1as y Medianas Empresas<\/strong><\/p>\n<p>Con m\u00e1s de 30 a\u00f1os de experiencia en el sector de la inform\u00e1tica, como <strong>Analista Programador<\/strong>, ofrecemos soluciones tecnol\u00f3gicas eficientes y adaptadas a las necesidades espec\u00edficas de su empresa.<\/p>\n<p><strong>PMBComputaci\u00f3n<\/strong> se especializa en brindar un servicio completo de soporte inform\u00e1tico, abarcando tanto el mantenimiento preventivo y correctivo de sistemas computacionales como la gesti\u00f3n de hardware y software. Nuestro enfoque est\u00e1 orientado a garantizar el funcionamiento \u00f3ptimo de su infraestructura tecnol\u00f3gica, asegurando continuidad operativa y m\u00e1xima productividad para su negocio.<\/p>\n<p>Entre nuestros servicios destacan:<\/p>\n<ul>\n<li><strong>Mantenimiento y reparaci\u00f3n de equipos<\/strong> (hardware).<\/li>\n<li><strong>Gesti\u00f3n, actualizaci\u00f3n y optimizaci\u00f3n de software<\/strong>.<\/li>\n<li><strong>Asistencia t\u00e9cnica remota y presencial<\/strong>.<\/li>\n<li><strong>Soluciones personalizadas de TI<\/strong> para optimizar sus procesos empresariales.<\/li>\n<\/ul>\n<p><strong>PMBComputaci\u00f3n<\/strong>, su aliado estrat\u00e9gico en tecnolog\u00eda, comprometido con la innovaci\u00f3n y la excelencia.<\/p>\n<p>[\/et_pb_text][\/et_pb_column][et_pb_column type=&#8221;2_3&#8243; specialty_columns=&#8221;2&#8243; _builder_version=&#8221;3.25&#8243; custom_padding=&#8221;|||&#8221; parallax__hover=&#8221;off&#8221; parallax_method__hover=&#8221;on&#8221; custom_padding__hover=&#8221;|||&#8221;][et_pb_row_inner use_custom_gutter=&#8221;on&#8221; gutter_width=&#8221;1&#8243; _builder_version=&#8221;4.5.3&#8243; max_width=&#8221;100%&#8221; custom_margin=&#8221;|||145px|false|false&#8221; custom_padding=&#8221;0px|0px|0px|0px&#8221; animation_style=&#8221;zoom&#8221; animation_intensity_zoom=&#8221;6%&#8221; box_shadow_style=&#8221;preset1&#8243; box_shadow_vertical=&#8221;10px&#8221; box_shadow_blur=&#8221;60px&#8221; box_shadow_color=&#8221;rgba(71,74,182,0.12)&#8221; width__hover_enabled=&#8221;off|desktop&#8221;][et_pb_column_inner saved_specialty_column_type=&#8221;2_3&#8243; module_class=&#8221;et_pb_column_1_2&#8243; _builder_version=&#8221;4.5.3&#8243; custom_padding=&#8221;|||&#8221; parallax__hover=&#8221;off&#8221; parallax_method__hover=&#8221;on&#8221; module_class__hover=&#8221;et_pb_column_1_2&#8243; custom_padding__hover=&#8221;|||&#8221;][et_pb_blurb title=&#8221;Desarrollo Web&#8221; url=&#8221;#&#8221; image=&#8221;http:\/\/pmbcomputacion.cl\/wp-content\/uploads\/2020\/03\/coding-icon_8.jpg&#8221; icon_placement=&#8221;left&#8221; image_max_width=&#8221;64px&#8221; content_max_width=&#8221;1100px&#8221; _builder_version=&#8221;4.5.3&#8243; header_font=&#8221;|on|||&#8221; header_text_color=&#8221;#2e2545&#8243; header_line_height=&#8221;1.5em&#8221; body_text_color=&#8221;#8585bd&#8221; body_line_height=&#8221;1.9em&#8221; background_color=&#8221;#ffffff&#8221; custom_margin=&#8221;|||&#8221; custom_padding=&#8221;30px|30px|30px|30px&#8221; animation_style=&#8221;zoom&#8221; animation_direction=&#8221;bottom&#8221; animation_intensity_zoom=&#8221;20%&#8221; animation_starting_opacity=&#8221;100%&#8221; box_shadow_style=&#8221;preset7&#8243; box_shadow_horizontal=&#8221;-1px&#8221; box_shadow_vertical=&#8221;-1px&#8221; box_shadow_color=&#8221;rgba(71,74,182,0.12)&#8221; locked=&#8221;off&#8221;]<\/p>\n<p><strong>Desarrollo Integral de P\u00e1ginas y Sitios Web<\/strong><br \/>Ofrecemos servicios especializados en la creaci\u00f3n y dise\u00f1o de p\u00e1ginas y sitios web utilizando las plataformas m\u00e1s avanzadas y populares en el mercado digital, como <em><strong>WordPress y ScriptCase<\/strong><\/em>. Nuestro enfoque se distingue por incorporar herramientas innovadoras y recursos de vanguardia, como los temas premium de <em><strong>ElegantThemes<\/strong><\/em>, que permiten crear sitios modernos, responsivos y visualmente impactantes. Garantizamos soluciones optimizadas para cada tipo de proyecto, brindando no solo est\u00e9tica, sino tambi\u00e9n funcionalidad y rendimiento, adapt\u00e1ndonos a las necesidades espec\u00edficas de cada cliente y su audiencia digital.<\/p>\n<p>[\/et_pb_blurb][et_pb_blurb title=&#8221;Asesor\u00edas TI &#8221; url=&#8221;#&#8221; image=&#8221;http:\/\/pmbcomputacion.cl\/wp-content\/uploads\/2020\/03\/coding-icon_1.jpg&#8221; icon_placement=&#8221;left&#8221; image_max_width=&#8221;64px&#8221; content_max_width=&#8221;1100px&#8221; _builder_version=&#8221;4.5.3&#8243; header_font=&#8221;|on|||&#8221; header_text_color=&#8221;#2e2545&#8243; header_line_height=&#8221;1.5em&#8221; body_text_color=&#8221;#8585bd&#8221; body_line_height=&#8221;1.9em&#8221; background_color=&#8221;#ffffff&#8221; custom_margin=&#8221;|||&#8221; custom_padding=&#8221;30px|30px|30px|30px&#8221; animation_style=&#8221;zoom&#8221; animation_direction=&#8221;bottom&#8221; animation_intensity_zoom=&#8221;20%&#8221; animation_starting_opacity=&#8221;100%&#8221; box_shadow_style=&#8221;preset7&#8243; box_shadow_horizontal=&#8221;-1px&#8221; box_shadow_vertical=&#8221;-1px&#8221; box_shadow_color=&#8221;rgba(71,74,182,0.12)&#8221; locked=&#8221;off&#8221;]<\/p>\n<p><strong>Servicios de Mantenimiento Integral para Plataformas Inform\u00e1ticas<\/strong><br \/>Ofrecemos servicios peri\u00f3dicos y completos orientados a garantizar el \u00f3ptimo funcionamiento y la m\u00e1xima eficiencia de su plataforma inform\u00e1tica. Nuestro equipo de expertos se encarga de realizar monitoreos, actualizaciones, y optimizaciones constantes, asegurando que su infraestructura tecnol\u00f3gica est\u00e9 siempre operativa, segura y actualizada con las \u00faltimas innovaciones del sector. Estos servicios est\u00e1n dise\u00f1ados para prevenir posibles fallos, mejorar el rendimiento y asegurar la continuidad de sus operaciones, minimizando cualquier riesgo de interrupciones.<\/p>\n<p>[\/et_pb_blurb][et_pb_blurb title=&#8221;HARDWARE &#8221; url=&#8221;#&#8221; image=&#8221;http:\/\/pmbcomputacion.cl\/wp-content\/uploads\/2020\/03\/coding-icon_5.jpg&#8221; icon_placement=&#8221;left&#8221; image_max_width=&#8221;64px&#8221; content_max_width=&#8221;1100px&#8221; _builder_version=&#8221;4.5.3&#8243; header_font=&#8221;|on|||&#8221; header_text_color=&#8221;#2e2545&#8243; header_line_height=&#8221;1.5em&#8221; body_text_color=&#8221;#8585bd&#8221; body_line_height=&#8221;1.9em&#8221; background_color=&#8221;#ffffff&#8221; custom_margin=&#8221;|||&#8221; custom_padding=&#8221;30px|30px|30px|30px&#8221; animation_style=&#8221;zoom&#8221; animation_direction=&#8221;bottom&#8221; animation_intensity_zoom=&#8221;20%&#8221; animation_starting_opacity=&#8221;100%&#8221; box_shadow_style=&#8221;preset7&#8243; box_shadow_horizontal=&#8221;-1px&#8221; box_shadow_vertical=&#8221;-1px&#8221; box_shadow_color=&#8221;rgba(71,74,182,0.12)&#8221; locked=&#8221;off&#8221;]<\/p>\n<p><strong>Mantenimiento Preventivo y Reparaci\u00f3n Profesional de Equipos de Computaci\u00f3n<\/strong><br \/>Ofrecemos servicios especializados en <strong>mantenimiento preventivo<\/strong> y <strong>reparaci\u00f3n integral<\/strong> de equipos de computaci\u00f3n, asegurando su \u00f3ptimo funcionamiento y prolongando su vida \u00fatil. Nuestro enfoque preventivo est\u00e1 dise\u00f1ado para identificar y corregir posibles fallas antes de que se conviertan en problemas mayores, garantizando un rendimiento continuo y estable. Adem\u00e1s, realizamos reparaciones precisas y eficientes, utilizando repuestos de alta calidad y t\u00e9cnicas avanzadas para resolver cualquier inconveniente t\u00e9cnico. Nos aseguramos de que sus equipos operen en condiciones \u00f3ptimas, minimizando tiempos de inactividad y maximizando la productividad.<\/p>\n<p>[\/et_pb_blurb][et_pb_blurb title=&#8221;Web Hosting &#8221; url=&#8221;#&#8221; image=&#8221;http:\/\/pmbcomputacion.cl\/wp-content\/uploads\/2020\/03\/coding-icon_7.jpg&#8221; icon_placement=&#8221;left&#8221; image_max_width=&#8221;64px&#8221; content_max_width=&#8221;1100px&#8221; _builder_version=&#8221;4.5.3&#8243; header_font=&#8221;|on|||&#8221; header_text_color=&#8221;#2e2545&#8243; header_line_height=&#8221;1.5em&#8221; body_text_color=&#8221;#8585bd&#8221; body_line_height=&#8221;1.9em&#8221; background_color=&#8221;#ffffff&#8221; custom_margin=&#8221;|||&#8221; custom_padding=&#8221;30px|30px|30px|30px&#8221; animation_style=&#8221;zoom&#8221; animation_direction=&#8221;bottom&#8221; animation_intensity_zoom=&#8221;20%&#8221; animation_starting_opacity=&#8221;100%&#8221; box_shadow_style=&#8221;preset7&#8243; box_shadow_horizontal=&#8221;-1px&#8221; box_shadow_vertical=&#8221;-1px&#8221; box_shadow_color=&#8221;rgba(71,74,182,0.12)&#8221; locked=&#8221;off&#8221;]<\/p>\n<p><strong>Servicio Integral de Alojamiento Web, Mail Hosting y Aplicaciones en L\u00ednea<\/strong><br \/>Ofrecemos soluciones completas de <strong>alojamiento web<\/strong> para todo tipo de proyectos, desde sitios web corporativos hasta plataformas de comercio electr\u00f3nico. Adem\u00e1s, contamos con <strong>mail hosting<\/strong> profesional, asegurando una gesti\u00f3n segura y eficiente de sus correos electr\u00f3nicos corporativos. Tambi\u00e9n alojamos <strong>aplicaciones en l\u00ednea<\/strong>, brindando un entorno fiable y escalable para su correcto funcionamiento. Nuestro servicio va m\u00e1s all\u00e1 del simple hosting, proporcionando soporte t\u00e9cnico especializado, monitoreo constante y medidas de seguridad avanzadas, todo dise\u00f1ado para optimizar la disponibilidad, el rendimiento y la seguridad de sus activos digitales. \u00a1Y mucho m\u00e1s para impulsar su presencia online!<\/p>\n<p>[\/et_pb_blurb][\/et_pb_column_inner][\/et_pb_row_inner][\/et_pb_column][\/et_pb_section][et_pb_section fb_built=&#8221;1&#8243; admin_label=&#8221;Features&#8221; _builder_version=&#8221;3.22&#8243; use_background_color_gradient=&#8221;on&#8221; background_color_gradient_start=&#8221;#474ab6&#8243; background_color_gradient_end=&#8221;#9271f6&#8243; background_image=&#8221;http:\/\/pmbcomputacion.cl\/wp-content\/uploads\/2020\/03\/coding-background-texture.jpg&#8221; background_blend=&#8221;overlay&#8221; custom_padding=&#8221;100px|0px|100px|0px&#8221;][et_pb_row column_structure=&#8221;1_2,1_2&#8243; admin_label=&#8221;Become an Expert&#8221; _builder_version=&#8221;3.25&#8243; animation_style=&#8221;zoom&#8221; animation_direction=&#8221;bottom&#8221; animation_intensity_zoom=&#8221;6%&#8221;][et_pb_column type=&#8221;1_2&#8243; _builder_version=&#8221;3.25&#8243; custom_padding=&#8221;|||&#8221; custom_padding__hover=&#8221;|||&#8221;][et_pb_image src=&#8221;http:\/\/pmbcomputacion.cl\/wp-content\/uploads\/2020\/03\/web-dev-14.png&#8221; align_tablet=&#8221;center&#8221; align_phone=&#8221;&#8221; align_last_edited=&#8221;on|desktop&#8221; _builder_version=&#8221;4.5.3&#8243; max_width=&#8221;90%&#8221; module_alignment=&#8221;center&#8221; animation_style=&#8221;zoom&#8221; animation_direction=&#8221;right&#8221; animation_delay=&#8221;100ms&#8221; animation_intensity_zoom=&#8221;20%&#8221;][\/et_pb_image][\/et_pb_column][et_pb_column type=&#8221;1_2&#8243; _builder_version=&#8221;3.25&#8243; custom_padding=&#8221;60px|||&#8221; custom_padding__hover=&#8221;|||&#8221;][et_pb_text _builder_version=&#8221;4.3.4&#8243; header_font=&#8221;||||||||&#8221; header_2_font=&#8221;|700|||||||&#8221; header_2_font_size=&#8221;36px&#8221; header_2_line_height=&#8221;1.3em&#8221; background_layout=&#8221;dark&#8221; custom_margin=&#8221;||20px|&#8221; animation_style=&#8221;slide&#8221; animation_direction=&#8221;bottom&#8221; animation_intensity_slide=&#8221;10%&#8221; locked=&#8221;off&#8221; header_font_size__hover=&#8221;30px&#8221; header_font_size__hover_enabled=&#8221;30px&#8221; header_letter_spacing__hover=&#8221;0px&#8221; header_letter_spacing__hover_enabled=&#8221;0px&#8221; header_text_shadow_style__hover=&#8221;none&#8221; header_text_shadow_style__hover_enabled=&#8221;none&#8221; header_text_shadow_color__hover=&#8221;rgba(0,0,0,0.4)&#8221; header_text_shadow_color__hover_enabled=&#8221;rgba(0,0,0,0.4)&#8221;]<\/p>\n<h2><strong>Soporte Inform\u00e1tico, Pilar Fundamental de PMBComputacion<\/strong><\/h2>\n<p>[\/et_pb_text][et_pb_divider color=&#8221;#09e1c0&#8243; divider_weight=&#8221;4px&#8221; disabled_on=&#8221;on|on|off&#8221; _builder_version=&#8221;3.2&#8243; background_size=&#8221;initial&#8221; background_position=&#8221;top_left&#8221; background_repeat=&#8221;repeat&#8221; max_width=&#8221;40px&#8221; module_alignment=&#8221;left&#8221; custom_margin=&#8221;||10px|&#8221; animation_style=&#8221;zoom&#8221; animation_direction=&#8221;left&#8221; saved_tabs=&#8221;all&#8221; locked=&#8221;off&#8221;][\/et_pb_divider][et_pb_text _builder_version=&#8221;4.5.3&#8243; text_text_color=&#8221;#d4ccff&#8221; text_font_size=&#8221;16px&#8221; text_line_height=&#8221;1.9em&#8221; animation_style=&#8221;zoom&#8221; animation_intensity_zoom=&#8221;6%&#8221; locked=&#8221;off&#8221;]<\/p>\n<p><strong>Soporte Especializado en TI para Empresas \u2013 PMBComputaci\u00f3n<\/strong><br \/>Uno de los servicios clave de <strong>PMBComputaci\u00f3n<\/strong> es el <strong>soporte continuo y especializado<\/strong> para empresas que requieren un profesional altamente capacitado en <strong>Tecnolog\u00edas de la Informaci\u00f3n (TI)<\/strong>. Nuestro equipo de expertos es capaz de gestionar <strong>todas las tareas relacionadas con la infraestructura inform\u00e1tica<\/strong>, desde el mantenimiento y optimizaci\u00f3n de sistemas hasta la implementaci\u00f3n de soluciones innovadoras. Nos mantenemos siempre actualizados con las <strong>\u00faltimas tendencias tecnol\u00f3gicas<\/strong>, asegurando que su empresa est\u00e9 a la vanguardia digital. Este enfoque le permite acceder a un servicio integral y personalizado, sin la necesidad de mantener un costoso departamento interno de TI, lo que se traduce en una soluci\u00f3n m\u00e1s eficiente y rentable para su negocio.<\/p>\n<p>[\/et_pb_text][et_pb_button button_url=&#8221;http:\/\/pmbcomputacion.cl\/Windows1020h2.iso&#8221; button_text=&#8221;Ver M\u00e1s&#8221; _builder_version=&#8221;4.3.4&#8243; custom_button=&#8221;on&#8221; button_text_size=&#8221;16px&#8221; button_text_color=&#8221;#ffffff&#8221; button_bg_color=&#8221;#09e1c0&#8243; button_border_width=&#8221;10px&#8221; button_border_color=&#8221;#09e1c0&#8243; button_border_radius=&#8221;100px&#8221; button_letter_spacing=&#8221;1px&#8221; button_font=&#8221;|on||on|&#8221; button_icon=&#8221;%%36%%&#8221; button_on_hover=&#8221;off&#8221; custom_margin=&#8221;20px|||&#8221; animation_style=&#8221;zoom&#8221; animation_delay=&#8221;100ms&#8221; animation_intensity_zoom=&#8221;10%&#8221; box_shadow_style=&#8221;preset1&#8243; box_shadow_vertical=&#8221;10px&#8221; box_shadow_blur=&#8221;50px&#8221; box_shadow_spread=&#8221;5px&#8221; box_shadow_color=&#8221;rgba(0,188,160,0.6)&#8221; button_letter_spacing_hover=&#8221;2px&#8221; saved_tabs=&#8221;all&#8221; locked=&#8221;off&#8221; button_text_size__hover_enabled=&#8221;off&#8221; button_text_size__hover=&#8221;null&#8221; button_one_text_size__hover_enabled=&#8221;off&#8221; button_one_text_size__hover=&#8221;null&#8221; button_two_text_size__hover_enabled=&#8221;off&#8221; button_two_text_size__hover=&#8221;null&#8221; button_text_color__hover_enabled=&#8221;off&#8221; button_text_color__hover=&#8221;null&#8221; button_one_text_color__hover_enabled=&#8221;off&#8221; button_one_text_color__hover=&#8221;null&#8221; button_two_text_color__hover_enabled=&#8221;off&#8221; button_two_text_color__hover=&#8221;null&#8221; button_border_width__hover_enabled=&#8221;off&#8221; button_border_width__hover=&#8221;null&#8221; button_one_border_width__hover_enabled=&#8221;off&#8221; button_one_border_width__hover=&#8221;null&#8221; button_two_border_width__hover_enabled=&#8221;off&#8221; button_two_border_width__hover=&#8221;null&#8221; button_border_color__hover_enabled=&#8221;off&#8221; button_border_color__hover=&#8221;null&#8221; button_one_border_color__hover_enabled=&#8221;off&#8221; button_one_border_color__hover=&#8221;null&#8221; button_two_border_color__hover_enabled=&#8221;off&#8221; button_two_border_color__hover=&#8221;null&#8221; button_border_radius__hover_enabled=&#8221;off&#8221; button_border_radius__hover=&#8221;null&#8221; button_one_border_radius__hover_enabled=&#8221;off&#8221; button_one_border_radius__hover=&#8221;null&#8221; button_two_border_radius__hover_enabled=&#8221;off&#8221; button_two_border_radius__hover=&#8221;null&#8221; button_letter_spacing__hover_enabled=&#8221;on&#8221; button_letter_spacing__hover=&#8221;2px&#8221; button_one_letter_spacing__hover_enabled=&#8221;off&#8221; button_one_letter_spacing__hover=&#8221;null&#8221; button_two_letter_spacing__hover_enabled=&#8221;off&#8221; button_two_letter_spacing__hover=&#8221;null&#8221; button_bg_color__hover_enabled=&#8221;off&#8221; button_bg_color__hover=&#8221;null&#8221; button_one_bg_color__hover_enabled=&#8221;off&#8221; button_one_bg_color__hover=&#8221;null&#8221; button_two_bg_color__hover_enabled=&#8221;off&#8221; button_two_bg_color__hover=&#8221;null&#8221;][\/et_pb_button][\/et_pb_column][\/et_pb_row][\/et_pb_section]<\/p>\n","protected":false},"excerpt":{"rendered":"<p>PMBComputaci\u00f3n Soporte TI\u00a0 (tecnolog\u00edas de la informaci\u00f3n) Contacto +56 9 85023900 &nbsp;PMBComputacion@gmail.comServiciosServicio Integral de Soporte Inform\u00e1tico y TI para Peque\u00f1as y Medianas Empresas Con m\u00e1s de 30 a\u00f1os de experiencia en el sector de la inform\u00e1tica, como Analista Programador, ofrecemos soluciones tecnol\u00f3gicas eficientes y adaptadas a las necesidades espec\u00edficas de su empresa. PMBComputaci\u00f3n se especializa [&hellip;]<\/p>\n","protected":false},"author":1,"featured_media":0,"parent":0,"menu_order":0,"comment_status":"closed","ping_status":"closed","template":"","meta":{"_et_pb_use_builder":"on","_et_pb_old_content":"","_et_gb_content_width":"","footnotes":""},"class_list":["post-11","page","type-page","status-publish","hentry"],"_links":{"self":[{"href":"https:\/\/pmbcomputacion.cl\/index.php\/wp-json\/wp\/v2\/pages\/11","targetHints":{"allow":["GET"]}}],"collection":[{"href":"https:\/\/pmbcomputacion.cl\/index.php\/wp-json\/wp\/v2\/pages"}],"about":[{"href":"https:\/\/pmbcomputacion.cl\/index.php\/wp-json\/wp\/v2\/types\/page"}],"author":[{"embeddable":true,"href":"https:\/\/pmbcomputacion.cl\/index.php\/wp-json\/wp\/v2\/users\/1"}],"replies":[{"embeddable":true,"href":"https:\/\/pmbcomputacion.cl\/index.php\/wp-json\/wp\/v2\/comments?post=11"}],"version-history":[{"count":21,"href":"https:\/\/pmbcomputacion.cl\/index.php\/wp-json\/wp\/v2\/pages\/11\/revisions"}],"predecessor-version":[{"id":110,"href":"https:\/\/pmbcomputacion.cl\/index.php\/wp-json\/wp\/v2\/pages\/11\/revisions\/110"}],"wp:attachment":[{"href":"https:\/\/pmbcomputacion.cl\/index.php\/wp-json\/wp\/v2\/media?parent=11"}],"curies":[{"name":"wp","href":"https:\/\/api.w.org\/{rel}","templated":true}]}}